{"id":374,"date":"2020-09-19T14:15:37","date_gmt":"2020-09-19T14:15:37","guid":{"rendered":"https:\/\/bakkefrydgaard.dk\/?page_id=374"},"modified":"2021-12-28T20:22:20","modified_gmt":"2021-12-28T20:22:20","slug":"nyttige-links","status":"publish","type":"page","link":"https:\/\/bakkefrydgaard.dk\/?page_id=374","title":{"rendered":"Nyttige links"},"content":{"rendered":"\n<p>Her finder du nyttige links for foreningens medlemmer.<\/p>\n\n\n\n<p>Har du et link, som du synes mangler her, m\u00e5 du meget gerne sende det til os. v\u00e6lg menupunkt &#8216;<a href=\"https:\/\/bakkefrydgaard.dk\/?page_id=216\" data-type=\"page\" data-id=\"216\">kontakt<\/a>&#8216;.<\/p>\n\n\n\n<h2 class=\"wp-block-heading\">Landliggersammenslutningen<\/h2>\n\n\n\n<p>Gribskov Landligger Forbund:&nbsp;<a href=\"http:\/\/gribskovlandligger.dk\/\">www.gribskovlandligger.dk\/<\/a><\/p>\n\n\n\n<h2 class=\"wp-block-heading\">Vejby-Tibirke selskabet<\/h2>\n\n\n\n<p><a href=\"http:\/\/www.vejby-tibirke-selskabet.dk\" data-type=\"URL\" data-id=\"www.vejby-tibirke-selskabet.dk\" target=\"_blank\" rel=\"noreferrer noopener\">www.vejby-tibirke-selskabet.dk<\/a><br>kulturhistorisk selskab, der laver arrangementer i lokalomr\u00e5det.<br>Ogs\u00e5 mange interessante artikler og oplysninger om lokalomr\u00e5det &#8211;<br>ogs\u00e5 om Bakkefrydgaard &#8211; se for <a href=\"http:\/\/www.vejby-tibirke-selskabet.dk\/log\/aarbog\/pdf\/2009-15-22.pdf\" target=\"_blank\" rel=\"noreferrer noopener\">eks:http:\/\/www.vejby-tibirke-selskabet.dk\/log\/aarbog\/pdf\/2009-15-22.pdf<\/a><\/p>\n\n\n\n<h2 class=\"wp-block-heading\">Tisvilde \/ Tisvildeleje og omegn<\/h2>\n\n\n\n<p><a rel=\"noreferrer noopener\" href=\"http:\/\/www.tisvilde.dk\" data-type=\"URL\" data-id=\"www.tisvilde.dk\" target=\"_blank\">www.tisvilde.dk<\/a><br>Oplysninger om Tisvilde \/ Tisvildeleje og omegn. B\u00e5de for turister, fastboende og landliggere.<\/p>\n\n\n\n<h2 class=\"wp-block-heading\">Helsinge Erhvervs- og Turistr\u00e5d<\/h2>\n\n\n\n<p><a rel=\"noreferrer noopener\" href=\"http:\/\/www.helsinge.com\" data-type=\"URL\" data-id=\"www.helsinge.com\" target=\"_blank\">www.helsinge.com<\/a><br>Helsinge Erhvervs- og Turistr\u00e5d.<\/p>\n\n\n\n<h2 class=\"wp-block-heading\">Fritidshusejernes landsforening<\/h2>\n\n\n\n<p><a rel=\"noreferrer noopener\" href=\"http:\/\/www.mitfritidshus.dk\" data-type=\"URL\" data-id=\"www.mitfritidshus.dk\" target=\"_blank\">www.mitfritidshus.dk<\/a><\/p>\n\n\n\n<h2 class=\"wp-block-heading\">Hegnsloven<\/h2>\n\n\n\n<p><a href=\"http:\/\/www.hegnsloven.dk\/lov.html\" data-type=\"URL\" data-id=\"www.hegnsloven.dk\/lov.html\" target=\"_blank\" rel=\"noreferrer noopener\">www.hegnsloven.dk\/lov.html<\/a><\/p>\n","protected":false},"excerpt":{"rendered":"<p>Her finder du nyttige links for foreningens medlemmer. Har du et link, som du synes mangler her, m\u00e5 du meget gerne sende det til os. v\u00e6lg menupunkt &#8216;kontakt&#8216;. Landliggersammenslutningen Gribskov Landligger Forbund:&nbsp;www.gribskovlandligger.dk\/ Vejby-Tibirke selskabet www.vejby-tibirke-selskabet.dkkulturhistorisk selskab, der laver arrangementer i &hellip; <a href=\"https:\/\/bakkefrydgaard.dk\/?page_id=374\">L\u00e6s resten <span class=\"meta-nav\">&rarr;<\/span><\/a><\/p>\n","protected":false},"author":1,"featured_media":0,"parent":0,"menu_order":0,"comment_status":"closed","ping_status":"closed","template":"sidebar-page.php","meta":{"footnotes":""},"class_list":["post-374","page","type-page","status-publish","hentry"],"_links":{"self":[{"href":"https:\/\/bakkefrydgaard.dk\/index.php?rest_route=\/wp\/v2\/pages\/374","targetHints":{"allow":["GET"]}}],"collection":[{"href":"https:\/\/bakkefrydgaard.dk\/index.php?rest_route=\/wp\/v2\/pages"}],"about":[{"href":"https:\/\/bakkefrydgaard.dk\/index.php?rest_route=\/wp\/v2\/types\/page"}],"author":[{"embeddable":true,"href":"https:\/\/bakkefrydgaard.dk\/index.php?rest_route=\/wp\/v2\/users\/1"}],"replies":[{"embeddable":true,"href":"https:\/\/bakkefrydgaard.dk\/index.php?rest_route=%2Fwp%2Fv2%2Fcomments&post=374"}],"version-history":[{"count":13,"href":"https:\/\/bakkefrydgaard.dk\/index.php?rest_route=\/wp\/v2\/pages\/374\/revisions"}],"predecessor-version":[{"id":553,"href":"https:\/\/bakkefrydgaard.dk\/index.php?rest_route=\/wp\/v2\/pages\/374\/revisions\/553"}],"wp:attachment":[{"href":"https:\/\/bakkefrydgaard.dk\/index.php?rest_route=%2Fwp%2Fv2%2Fmedia&parent=374"}],"curies":[{"name":"wp","href":"https:\/\/api.w.org\/{rel}","templated":true}]}}